{"id":148,"date":"2020-01-15T23:19:51","date_gmt":"2020-01-15T23:19:51","guid":{"rendered":"http:\/\/kolpingsfamilie-neunkirchen.de\/wordpress\/?page_id=148"},"modified":"2020-01-16T13:51:07","modified_gmt":"2020-01-16T13:51:07","slug":"basketball","status":"publish","type":"page","link":"https:\/\/www.kolpingsfamilie-neunkirchen.de\/index.php\/gruppen\/basketball\/","title":{"rendered":"Basketball"},"content":{"rendered":"\n<p class=\"has-text-align-justify\">Jeden Freitag treffen wir uns von 19:00 \u2013 21:00 Uhr in der Turnhalle der Grundschule. Mit sportlicher Bet\u00e4tigung wollen wir unseren K\u00f6rper fit halten und uns beim kameradschaftlichen Spiel entspannen. Alle interessierten M\u00e4nner, Frauen und Jugendliche sind herzlich eingeladen.<\/p>\n\n\n\n<p class=\"has-text-align-justify\">Wir sind in den\nJahresablauf der Kolpingsfamilie eingebunden und \u00fcbernehmen auch Dienste bei\nFesten der Kolpingsfamilie und unserer Pfarrei St. Michael.<\/p>\n\n\n\n<p><strong>Leitung:<\/strong><\/p>\n\n\n\n<div class=\"wp-block-columns is-layout-flex wp-container-core-columns-is-layout-9d6595d7 wp-block-columns-is-layout-flex\">\n<div class=\"wp-block-column is-layout-flow wp-block-column-is-layout-flow\">\n<p><strong>Dorel Sturm<br><\/strong>09134 \/ 908434<br>dodosturm@onlinehome.de<\/p>\n<\/div>\n\n\n\n<div class=\"wp-block-column is-layout-flow wp-block-column-is-layout-flow\">\n<p><strong>Nico Brennig<br><\/strong><br>nico.brennig@icloud.com<\/p>\n<\/div>\n<\/div>\n\n\n\n<p><\/p>\n","protected":false},"excerpt":{"rendered":"<p>Jeden Freitag treffen wir uns von 19:00 \u2013 21:00 Uhr in der Turnhalle der Grundschule. Mit sportlicher Bet\u00e4tigung wollen wir unseren K\u00f6rper fit halten und uns beim kameradschaftlichen Spiel entspannen. [&hellip;]<\/p>\n","protected":false},"author":1,"featured_media":0,"parent":55,"menu_order":0,"comment_status":"closed","ping_status":"closed","template":"","meta":{"_editorskit_title_hidden":false,"_editorskit_reading_time":1,"_editorskit_is_block_options_detached":false,"_editorskit_block_options_position":"{}","_uag_custom_page_level_css":"","_EventAllDay":false,"_EventTimezone":"","_EventStartDate":"","_EventEndDate":"","_EventStartDateUTC":"","_EventEndDateUTC":"","_EventShowMap":false,"_EventShowMapLink":false,"_EventURL":"","_EventCost":"","_EventCostDescription":"","_EventCurrencySymbol":"","_EventCurrencyCode":"","_EventCurrencyPosition":"","_EventDateTimeSeparator":"","_EventTimeRangeSeparator":"","_EventOrganizerID":[],"_EventVenueID":[],"_OrganizerEmail":"","_OrganizerPhone":"","_OrganizerWebsite":"","_VenueAddress":"","_VenueCity":"","_VenueCountry":"","_VenueProvince":"","_VenueState":"","_VenueZip":"","_VenuePhone":"","_VenueURL":"","_VenueStateProvince":"","_VenueLat":"","_VenueLng":"","_VenueShowMap":false,"_VenueShowMapLink":false,"footnotes":""},"class_list":["post-148","page","type-page","status-publish","hentry"],"uagb_featured_image_src":{"full":false,"thumbnail":false,"medium":false,"medium_large":false,"large":false,"1536x1536":false,"2048x2048":false,"reveal-homepage-thumb":false},"uagb_author_info":{"display_name":"markus","author_link":"https:\/\/www.kolpingsfamilie-neunkirchen.de\/index.php\/author\/markus\/"},"uagb_comment_info":0,"uagb_excerpt":"Jeden Freitag treffen wir uns von 19:00 \u2013 21:00 Uhr in der Turnhalle der Grundschule. Mit sportlicher Bet\u00e4tigung wollen wir unseren K\u00f6rper fit halten und uns beim kameradschaftlichen Spiel entspannen. [&hellip;]","_links":{"self":[{"href":"https:\/\/www.kolpingsfamilie-neunkirchen.de\/index.php\/wp-json\/wp\/v2\/pages\/148","targetHints":{"allow":["GET"]}}],"collection":[{"href":"https:\/\/www.kolpingsfamilie-neunkirchen.de\/index.php\/wp-json\/wp\/v2\/pages"}],"about":[{"href":"https:\/\/www.kolpingsfamilie-neunkirchen.de\/index.php\/wp-json\/wp\/v2\/types\/page"}],"author":[{"embeddable":true,"href":"https:\/\/www.kolpingsfamilie-neunkirchen.de\/index.php\/wp-json\/wp\/v2\/users\/1"}],"replies":[{"embeddable":true,"href":"https:\/\/www.kolpingsfamilie-neunkirchen.de\/index.php\/wp-json\/wp\/v2\/comments?post=148"}],"version-history":[{"count":4,"href":"https:\/\/www.kolpingsfamilie-neunkirchen.de\/index.php\/wp-json\/wp\/v2\/pages\/148\/revisions"}],"predecessor-version":[{"id":380,"href":"https:\/\/www.kolpingsfamilie-neunkirchen.de\/index.php\/wp-json\/wp\/v2\/pages\/148\/revisions\/380"}],"up":[{"embeddable":true,"href":"https:\/\/www.kolpingsfamilie-neunkirchen.de\/index.php\/wp-json\/wp\/v2\/pages\/55"}],"wp:attachment":[{"href":"https:\/\/www.kolpingsfamilie-neunkirchen.de\/index.php\/wp-json\/wp\/v2\/media?parent=148"}],"curies":[{"name":"wp","href":"https:\/\/api.w.org\/{rel}","templated":true}]}}