{"id":1903,"date":"2023-06-06T11:41:13","date_gmt":"2023-06-06T11:41:13","guid":{"rendered":"https:\/\/www.kolpingsfamilie-neunkirchen.de\/?page_id=1903"},"modified":"2024-04-30T13:47:58","modified_gmt":"2024-04-30T13:47:58","slug":"vorstandschaft","status":"publish","type":"page","link":"https:\/\/www.kolpingsfamilie-neunkirchen.de\/index.php\/vorstandschaft\/","title":{"rendered":"Vorstandschaft"},"content":{"rendered":"\n<figure class=\"wp-block-table is-style-regular\"><table><tbody><tr><td>1. Vorsitzender<\/td><td>Markus R\u00f6del<\/td><td><a href=\"mailto:markus.roedel@kolpingsfamilie-neunkirchen.de\" class=\"ek-link\">E-Mail<\/a><\/td><\/tr><tr><td>stellv. Vorsitzender<\/td><td>Rainer Obermeier<\/td><td><\/td><\/tr><tr><td>stellv. Vorsitzende\/r<\/td><td>&#8211;<\/td><td><\/td><\/tr><tr><td>Schriftf\u00fchrer<\/td><td>&#8211;<\/td><td><\/td><\/tr><tr><td>Kassier<\/td><td>&#8211;<\/td><td><\/td><\/tr><tr><td>Mitgliederverwaltung<\/td><td>Rudi Will<\/td><td><\/td><\/tr><tr><td>Feste und Feiern<\/td><td>\u00c4nny R\u00f6del<\/td><td><\/td><\/tr><tr><td><\/td><td><\/td><td><\/td><\/tr><tr><td><\/td><td><\/td><td><\/td><\/tr><tr><td><\/td><td><\/td><td><\/td><\/tr><tr><td><\/td><td><\/td><td><\/td><\/tr><tr><td><\/td><td><\/td><td><\/td><\/tr><tr><td><\/td><td><\/td><td><\/td><\/tr><tr><td><\/td><td><\/td><td><\/td><\/tr><tr><td><\/td><td><\/td><td><\/td><\/tr><tr><td><\/td><td><\/td><td><\/td><\/tr><tr><td><\/td><td><\/td><td><\/td><\/tr><tr><td><\/td><td><\/td><td><\/td><\/tr><tr><td><\/td><td><\/td><td><\/td><\/tr><tr><td><\/td><td><\/td><td><\/td><\/tr><\/tbody><\/table><\/figure>\n","protected":false},"excerpt":{"rendered":"<p>1. Vorsitzender Markus R\u00f6del E-Mail stellv. Vorsitzender Rainer Obermeier stellv. Vorsitzende\/r &#8211; Schriftf\u00fchrer &#8211; Kassier &#8211; Mitgliederverwaltung Rudi Will Feste und Feiern \u00c4nny R\u00f6del<\/p>\n","protected":false},"author":1,"featured_media":0,"parent":0,"menu_order":0,"comment_status":"closed","ping_status":"closed","template":"","meta":{"_editorskit_title_hidden":false,"_editorskit_reading_time":0,"_editorskit_is_block_options_detached":false,"_editorskit_block_options_position":"{}","_uag_custom_page_level_css":"","_EventAllDay":false,"_EventTimezone":"","_EventStartDate":"","_EventEndDate":"","_EventStartDateUTC":"","_EventEndDateUTC":"","_EventShowMap":false,"_EventShowMapLink":false,"_EventURL":"","_EventCost":"","_EventCostDescription":"","_EventCurrencySymbol":"","_EventCurrencyCode":"","_EventCurrencyPosition":"","_EventDateTimeSeparator":"","_EventTimeRangeSeparator":"","_EventOrganizerID":[],"_EventVenueID":[],"_OrganizerEmail":"","_OrganizerPhone":"","_OrganizerWebsite":"","_VenueAddress":"","_VenueCity":"","_VenueCountry":"","_VenueProvince":"","_VenueState":"","_VenueZip":"","_VenuePhone":"","_VenueURL":"","_VenueStateProvince":"","_VenueLat":"","_VenueLng":"","_VenueShowMap":false,"_VenueShowMapLink":false,"footnotes":""},"class_list":["post-1903","page","type-page","status-publish","hentry"],"uagb_featured_image_src":{"full":false,"thumbnail":false,"medium":false,"medium_large":false,"large":false,"1536x1536":false,"2048x2048":false,"reveal-homepage-thumb":false},"uagb_author_info":{"display_name":"markus","author_link":"https:\/\/www.kolpingsfamilie-neunkirchen.de\/index.php\/author\/markus\/"},"uagb_comment_info":0,"uagb_excerpt":"1. Vorsitzender Markus R\u00f6del E-Mail stellv. Vorsitzender Rainer Obermeier stellv. Vorsitzende\/r &#8211; Schriftf\u00fchrer &#8211; Kassier &#8211; Mitgliederverwaltung Rudi Will Feste und Feiern \u00c4nny R\u00f6del","_links":{"self":[{"href":"https:\/\/www.kolpingsfamilie-neunkirchen.de\/index.php\/wp-json\/wp\/v2\/pages\/1903","targetHints":{"allow":["GET"]}}],"collection":[{"href":"https:\/\/www.kolpingsfamilie-neunkirchen.de\/index.php\/wp-json\/wp\/v2\/pages"}],"about":[{"href":"https:\/\/www.kolpingsfamilie-neunkirchen.de\/index.php\/wp-json\/wp\/v2\/types\/page"}],"author":[{"embeddable":true,"href":"https:\/\/www.kolpingsfamilie-neunkirchen.de\/index.php\/wp-json\/wp\/v2\/users\/1"}],"replies":[{"embeddable":true,"href":"https:\/\/www.kolpingsfamilie-neunkirchen.de\/index.php\/wp-json\/wp\/v2\/comments?post=1903"}],"version-history":[{"count":5,"href":"https:\/\/www.kolpingsfamilie-neunkirchen.de\/index.php\/wp-json\/wp\/v2\/pages\/1903\/revisions"}],"predecessor-version":[{"id":1989,"href":"https:\/\/www.kolpingsfamilie-neunkirchen.de\/index.php\/wp-json\/wp\/v2\/pages\/1903\/revisions\/1989"}],"wp:attachment":[{"href":"https:\/\/www.kolpingsfamilie-neunkirchen.de\/index.php\/wp-json\/wp\/v2\/media?parent=1903"}],"curies":[{"name":"wp","href":"https:\/\/api.w.org\/{rel}","templated":true}]}}