{"id":23,"date":"2019-02-08T22:07:29","date_gmt":"2019-02-08T22:07:29","guid":{"rendered":"https:\/\/kolpingsfamilie-neunkirchen.de\/wordpress\/?page_id=23"},"modified":"2026-03-01T19:20:08","modified_gmt":"2026-03-01T18:20:08","slug":"seniorenkreis","status":"publish","type":"page","link":"https:\/\/www.kolpingsfamilie-neunkirchen.de\/index.php\/gruppen\/seniorenkreis\/","title":{"rendered":"Seniorenkreis"},"content":{"rendered":"\n<p class=\"has-text-align-justify\">Der <strong>Seniorenkreis<\/strong> der Kolpingsfamilie\nwidmet sich den Interessen und Besonderheiten \u00e4lterer Menschen. Ganz im Sinne\nAdolph Kolpings geht es hier um Weiterbildung im religi\u00f6sen und\ngesellschaftlichen Bereich sowie um Geselligkeit.<\/p>\n\n\n\n<p class=\"has-text-align-justify\">Die angebotenen Themen reichen von Gesundheit,\nErn\u00e4hrung, \u00fcber Fragen zu gesetzlichen Inhalten, Tradition, (Halb-)Tagesreisen bis\nzu gemeinsamen Gottesdiensten und Freude an unserem christlichen Glauben.<\/p>\n\n\n\n<p class=\"has-text-align-justify\">Das Programm findet jeden zweiten Mittwoch statt.\nDie mittwochs dazwischen liegenden Termine werden vom Seniorenkreis der\nEvangelischen Kirche gestaltet. Das ist gelebte \u00d6kumene und seit vielen Jahren\nPraxis in Neunkirchen.<\/p>\n\n\n\n<p class=\"has-text-align-justify\">In der Regel beginnt das Programm um 14:30 Uhr und\nfindet im Pfarrsaal (Pfarrgemeindehaus Adolph Kolping) statt.<\/p>\n\n\n\n<p class=\"has-text-align-justify\"><strong>Der Seniorenkreis ist offen f\u00fcr alle B\u00fcrgerinnen und B\u00fcrger und freut sich \u00fcber jeden, der kommt!<\/strong><\/p>\n\n\n\n<p><\/p>\n","protected":false},"excerpt":{"rendered":"<p>Der Seniorenkreis der Kolpingsfamilie widmet sich den Interessen und Besonderheiten \u00e4lterer Menschen. Ganz im Sinne Adolph Kolpings geht es hier um Weiterbildung im religi\u00f6sen und gesellschaftlichen Bereich sowie um Geselligkeit. [&hellip;]<\/p>\n","protected":false},"author":1,"featured_media":0,"parent":55,"menu_order":0,"comment_status":"closed","ping_status":"closed","template":"","meta":{"_editorskit_title_hidden":false,"_editorskit_reading_time":1,"_editorskit_is_block_options_detached":false,"_editorskit_block_options_position":"{}","_uag_custom_page_level_css":"","_EventAllDay":false,"_EventTimezone":"","_EventStartDate":"","_EventEndDate":"","_EventStartDateUTC":"","_EventEndDateUTC":"","_EventShowMap":false,"_EventShowMapLink":false,"_EventURL":"","_EventCost":"","_EventCostDescription":"","_EventCurrencySymbol":"","_EventCurrencyCode":"","_EventCurrencyPosition":"","_EventDateTimeSeparator":"","_EventTimeRangeSeparator":"","_EventOrganizerID":[],"_EventVenueID":[0],"_OrganizerEmail":"","_OrganizerPhone":"","_OrganizerWebsite":"","_VenueAddress":"","_VenueCity":"","_VenueCountry":"","_VenueProvince":"","_VenueState":"","_VenueZip":"","_VenuePhone":"","_VenueURL":"","_VenueStateProvince":"","_VenueLat":"","_VenueLng":"","_VenueShowMap":false,"_VenueShowMapLink":false,"footnotes":""},"class_list":["post-23","page","type-page","status-publish","hentry"],"uagb_featured_image_src":{"full":false,"thumbnail":false,"medium":false,"medium_large":false,"large":false,"1536x1536":false,"2048x2048":false,"reveal-homepage-thumb":false},"uagb_author_info":{"display_name":"markus","author_link":"https:\/\/www.kolpingsfamilie-neunkirchen.de\/index.php\/author\/markus\/"},"uagb_comment_info":0,"uagb_excerpt":"Der Seniorenkreis der Kolpingsfamilie widmet sich den Interessen und Besonderheiten \u00e4lterer Menschen. Ganz im Sinne Adolph Kolpings geht es hier um Weiterbildung im religi\u00f6sen und gesellschaftlichen Bereich sowie um Geselligkeit. [&hellip;]","_links":{"self":[{"href":"https:\/\/www.kolpingsfamilie-neunkirchen.de\/index.php\/wp-json\/wp\/v2\/pages\/23","targetHints":{"allow":["GET"]}}],"collection":[{"href":"https:\/\/www.kolpingsfamilie-neunkirchen.de\/index.php\/wp-json\/wp\/v2\/pages"}],"about":[{"href":"https:\/\/www.kolpingsfamilie-neunkirchen.de\/index.php\/wp-json\/wp\/v2\/types\/page"}],"author":[{"embeddable":true,"href":"https:\/\/www.kolpingsfamilie-neunkirchen.de\/index.php\/wp-json\/wp\/v2\/users\/1"}],"replies":[{"embeddable":true,"href":"https:\/\/www.kolpingsfamilie-neunkirchen.de\/index.php\/wp-json\/wp\/v2\/comments?post=23"}],"version-history":[{"count":16,"href":"https:\/\/www.kolpingsfamilie-neunkirchen.de\/index.php\/wp-json\/wp\/v2\/pages\/23\/revisions"}],"predecessor-version":[{"id":2179,"href":"https:\/\/www.kolpingsfamilie-neunkirchen.de\/index.php\/wp-json\/wp\/v2\/pages\/23\/revisions\/2179"}],"up":[{"embeddable":true,"href":"https:\/\/www.kolpingsfamilie-neunkirchen.de\/index.php\/wp-json\/wp\/v2\/pages\/55"}],"wp:attachment":[{"href":"https:\/\/www.kolpingsfamilie-neunkirchen.de\/index.php\/wp-json\/wp\/v2\/media?parent=23"}],"curies":[{"name":"wp","href":"https:\/\/api.w.org\/{rel}","templated":true}]}}