{"id":49,"date":"2019-02-12T12:19:19","date_gmt":"2019-02-12T12:19:19","guid":{"rendered":"http:\/\/kolpingsfamilie-neunkirchen.de\/wordpress\/?page_id=49"},"modified":"2020-02-17T18:10:09","modified_gmt":"2020-02-17T18:10:09","slug":"frauenkreis","status":"publish","type":"page","link":"https:\/\/www.kolpingsfamilie-neunkirchen.de\/index.php\/gruppen\/frauenkreis\/","title":{"rendered":"Frauenkreis &#8211; FrauenFr\u00fchst\u00fcck"},"content":{"rendered":"\n<p class=\"has-text-align-justify\">Seit 1975 gibt es in unserer\nKolpingsfamilie den <strong>Frauenkreis<\/strong>,\ndieser ist gleichzeitig Zweigverein im Kath. Frauenbund unserer Erzdi\u00f6zese. <\/p>\n\n\n\n<p class=\"has-text-align-justify\">Der Frauenkreis bringt in besonderer Weise die\nBelange der Frauen in das Leben unserer Kolpingsfamilie ein, ob verheiratet, &nbsp;alleinerziehend, ledig oder verwitwet. <\/p>\n\n\n\n<p class=\"has-text-align-justify\">Wir Frauen pflegen die Gemeinschaft und\nGeselligkeit und sind eine wichtige S\u00e4ule im Leben unserer Kolpingsfamilie. Den\nPfarrfamilientag, den adventlichen Seniorennach-mittag und die Weihnachtsfeier\ngestalten wir aktiv mit, indem wir die sch\u00f6nsten Kuchen backen und unsere G\u00e4ste\nbedienen. Eine besondere Freude ist es uns, Saal und Tische dekorativ zu\ngestalten.<\/p>\n\n\n\n<p class=\"has-text-align-justify\">Der Frauenkreis l\u00e4dt ein zu einem <strong>Frauenfr\u00fchst\u00fcck<\/strong> an <strong>jedem letzten Mittwoch im Monat<\/strong>. \u201eFrau\u201c trifft sich um <strong>9.30 Uhr<\/strong> in gem\u00fctlicher Runde im Caf\u00e9 \u201eKalchreuther B\u00e4cker\u201c in der Erlanger Stra\u00dfe in Neunkirchen. Alle sind herzlich willkommen in ungezwungener Atmosph\u00e4re und bei guter Unterhaltung ein paar sch\u00f6ne Stunden zu verbringen und \u00fcber gesellschaftliche und religi\u00f6se Themen zu besprechen.<\/p>\n\n\n\n<div style=\"height:32px\" aria-hidden=\"true\" class=\"wp-block-spacer\"><\/div>\n\n\n\n<p style=\"font-size:24px\" class=\"has-text-color has-luminous-vivid-amber-color\">n\u00e4chstes Frauenfr\u00fchst\u00fcck:<\/p>\n\n\n<div id=\"ect-no-events\"><p>Die Termine auf unserer Homepage sind noch nicht aktualisiert<\/p><\/div>\n\n\n<p><strong>G\u00f6nnen Sie\nsich diese Auszeit vom Alltag, wir freuen uns auf Ihr Kommen.<\/strong><\/p>\n\n\n\n<p class=\"has-text-align-justify\">Ein H\u00f6hepunkt des Frauenkreises ist jedes Jahr die\nFahrt im Advent zu einem Weihnachtsmarkt in Deutschland. Nach einer\ngeistlich-adventlichen Einstimmung in einer Kirche vor Ort schlie\u00dft sich ein\nBummel durch den jeweiligen Weihnachtsmarkt an.<\/p>\n\n\n\n<p class=\"has-text-align-justify\">Der Frauenkreis ist eine Gemeinschaft, die sich freut, wenn neue Mitglieder zu uns finden. Sie werden gern und freundlich bei uns aufgenommen.<\/p>\n\n\n\n<p><strong>Ihr Frauenkreisteam<\/strong><\/p>\n\n\n\n<p><\/p>\n\n\n\n<h1 class=\"wp-block-heading\"><\/h1>\n","protected":false},"excerpt":{"rendered":"<p>Seit 1975 gibt es in unserer Kolpingsfamilie den Frauenkreis, dieser ist gleichzeitig Zweigverein im Kath. Frauenbund unserer Erzdi\u00f6zese. Der Frauenkreis bringt in besonderer Weise die Belange der Frauen in das [&hellip;]<\/p>\n","protected":false},"author":1,"featured_media":0,"parent":55,"menu_order":0,"comment_status":"closed","ping_status":"closed","template":"","meta":{"_editorskit_title_hidden":false,"_editorskit_reading_time":1,"_editorskit_is_block_options_detached":false,"_editorskit_block_options_position":"{}","_uag_custom_page_level_css":"","_EventAllDay":false,"_EventTimezone":"","_EventStartDate":"","_EventEndDate":"","_EventStartDateUTC":"","_EventEndDateUTC":"","_EventShowMap":false,"_EventShowMapLink":false,"_EventURL":"","_EventCost":"","_EventCostDescription":"","_EventCurrencySymbol":"","_EventCurrencyCode":"","_EventCurrencyPosition":"","_EventDateTimeSeparator":"","_EventTimeRangeSeparator":"","_EventOrganizerID":[],"_EventVenueID":[],"_OrganizerEmail":"","_OrganizerPhone":"","_OrganizerWebsite":"","_VenueAddress":"","_VenueCity":"","_VenueCountry":"","_VenueProvince":"","_VenueState":"","_VenueZip":"","_VenuePhone":"","_VenueURL":"","_VenueStateProvince":"","_VenueLat":"","_VenueLng":"","_VenueShowMap":false,"_VenueShowMapLink":false,"footnotes":""},"class_list":["post-49","page","type-page","status-publish","hentry"],"uagb_featured_image_src":{"full":false,"thumbnail":false,"medium":false,"medium_large":false,"large":false,"1536x1536":false,"2048x2048":false,"reveal-homepage-thumb":false},"uagb_author_info":{"display_name":"markus","author_link":"https:\/\/www.kolpingsfamilie-neunkirchen.de\/index.php\/author\/markus\/"},"uagb_comment_info":0,"uagb_excerpt":"Seit 1975 gibt es in unserer Kolpingsfamilie den Frauenkreis, dieser ist gleichzeitig Zweigverein im Kath. Frauenbund unserer Erzdi\u00f6zese. Der Frauenkreis bringt in besonderer Weise die Belange der Frauen in das [&hellip;]","_links":{"self":[{"href":"https:\/\/www.kolpingsfamilie-neunkirchen.de\/index.php\/wp-json\/wp\/v2\/pages\/49","targetHints":{"allow":["GET"]}}],"collection":[{"href":"https:\/\/www.kolpingsfamilie-neunkirchen.de\/index.php\/wp-json\/wp\/v2\/pages"}],"about":[{"href":"https:\/\/www.kolpingsfamilie-neunkirchen.de\/index.php\/wp-json\/wp\/v2\/types\/page"}],"author":[{"embeddable":true,"href":"https:\/\/www.kolpingsfamilie-neunkirchen.de\/index.php\/wp-json\/wp\/v2\/users\/1"}],"replies":[{"embeddable":true,"href":"https:\/\/www.kolpingsfamilie-neunkirchen.de\/index.php\/wp-json\/wp\/v2\/comments?post=49"}],"version-history":[{"count":15,"href":"https:\/\/www.kolpingsfamilie-neunkirchen.de\/index.php\/wp-json\/wp\/v2\/pages\/49\/revisions"}],"predecessor-version":[{"id":1443,"href":"https:\/\/www.kolpingsfamilie-neunkirchen.de\/index.php\/wp-json\/wp\/v2\/pages\/49\/revisions\/1443"}],"up":[{"embeddable":true,"href":"https:\/\/www.kolpingsfamilie-neunkirchen.de\/index.php\/wp-json\/wp\/v2\/pages\/55"}],"wp:attachment":[{"href":"https:\/\/www.kolpingsfamilie-neunkirchen.de\/index.php\/wp-json\/wp\/v2\/media?parent=49"}],"curies":[{"name":"wp","href":"https:\/\/api.w.org\/{rel}","templated":true}]}}